{"id":25857,"date":"2023-04-27T03:57:25","date_gmt":"2023-04-27T03:57:25","guid":{"rendered":"https:\/\/demo2wpopal.b-cdn.net\/smartic\/product\/sleek-bronze-pants\/"},"modified":"2024-12-29T00:24:35","modified_gmt":"2024-12-29T00:24:35","slug":"fruit-pocket-red","status":"publish","type":"product","link":"https:\/\/fruitpocket.com.tr\/en\/product\/fruit-pocket-red\/","title":{"rendered":"Fruit Pocket Pembe 20 Adet 200ml"},"content":{"rendered":"<ul class=\"detail-desc-list\">\n<li>Bu \u00fcr\u00fcn\u00a0<span class=\"product-description-market-place\">Sn Group \u0130\u00e7ecek<\/span>\u00a0taraf\u0131ndan g\u00f6nderilecektir.<\/li>\n<li>Kampanya fiyat\u0131ndan sat\u0131lmak \u00fczere 100 adetten fazla stok sunulmu\u015ftur.<\/li>\n<li>\u0130ncelemi\u015f oldu\u011funuz \u00fcr\u00fcn\u00fcn sat\u0131\u015f fiyat\u0131n\u0131 sat\u0131c\u0131 belirlemektedir.<\/li>\n<li>Bir \u00fcr\u00fcn, birden fazla sat\u0131c\u0131 taraf\u0131ndan sat\u0131labilir. Birden fazla sat\u0131c\u0131 taraf\u0131ndan sat\u0131\u015fa sunulan \u00fcr\u00fcnlerin sat\u0131c\u0131lar\u0131 \u00fcr\u00fcn i\u00e7in belirledikleri fiyata, sat\u0131c\u0131 puanlar\u0131na, teslimat stat\u00fclerine, \u00fcr\u00fcnlerdeki promosyonlara, kargonun bedava olup olmamas\u0131na ve \u00fcr\u00fcnlerin h\u0131zl\u0131 teslimat ile teslim edilip edilememesine, \u00fcr\u00fcnlerin stok ve kategorileri bilgilerine g\u00f6re s\u0131ralanmaktad\u0131r.<\/li>\n<li>Bu \u00fcr\u00fcnden en fazla\u00a010 adet sipari\u015f verilebilir.\u00a010 adedin \u00fczerindeki sipari\u015fleri Trendyol iptal etme hakk\u0131n\u0131 sakl\u0131 tutar.\u00a0Belirlenen bu limit kurumsal sipari\u015flerde ge\u00e7erli olmay\u0131p, kurumsal sipari\u015fler i\u00e7in farkl\u0131 limitler belirlenebilmektedir.<\/li>\n<li class=\"return-info\">15 g\u00fcn i\u00e7inde \u00fccretsiz iade.\u00a0Detayl\u0131 bilgi i\u00e7in\u00a0<a class=\"product-description-link\">t\u0131klay\u0131n<\/a>.<\/li>\n<li>Fruit Pocket<\/li>\n<li>Pembe<\/li>\n<li>Meyveli \u0130\u00e7ecek 20 Adet 200ml<\/li>\n<\/ul>","protected":false},"excerpt":{"rendered":"<p>20li Kutu olarak sat\u0131l\u0131r.<br \/>\n\u0130\u00e7erik: Elma B\u00f6\u011f\u00fcrtlen \u00c7ilek Vi\u015fne<\/p>","protected":false},"featured_media":26057,"comment_status":"open","ping_status":"closed","template":"","meta":{"inline_featured_image":false},"product_cat":[86],"product_tag":[],"class_list":["post-25857","product","type-product","status-publish","has-post-thumbnail","hentry","product_cat-fruit-pocket"],"_links":{"self":[{"href":"https:\/\/fruitpocket.com.tr\/en\/wp-json\/wp\/v2\/product\/25857","targetHints":{"allow":["GET"]}}],"collection":[{"href":"https:\/\/fruitpocket.com.tr\/en\/wp-json\/wp\/v2\/product"}],"about":[{"href":"https:\/\/fruitpocket.com.tr\/en\/wp-json\/wp\/v2\/types\/product"}],"replies":[{"embeddable":true,"href":"https:\/\/fruitpocket.com.tr\/en\/wp-json\/wp\/v2\/comments?post=25857"}],"wp:featuredmedia":[{"embeddable":true,"href":"https:\/\/fruitpocket.com.tr\/en\/wp-json\/wp\/v2\/media\/26057"}],"wp:attachment":[{"href":"https:\/\/fruitpocket.com.tr\/en\/wp-json\/wp\/v2\/media?parent=25857"}],"wp:term":[{"taxonomy":"product_cat","embeddable":true,"href":"https:\/\/fruitpocket.com.tr\/en\/wp-json\/wp\/v2\/product_cat?post=25857"},{"taxonomy":"product_tag","embeddable":true,"href":"https:\/\/fruitpocket.com.tr\/en\/wp-json\/wp\/v2\/product_tag?post=25857"}],"curies":[{"name":"wp","href":"https:\/\/api.w.org\/{rel}","templated":true}]}}